{"id":2,"date":"2017-08-23T16:03:53","date_gmt":"2017-08-23T19:03:53","guid":{"rendered":"https:\/\/www.embrapii.dcc.ufmg.br\/?page_id=2"},"modified":"2017-09-15T16:01:40","modified_gmt":"2017-09-15T19:01:40","slug":"embrapii","status":"publish","type":"page","link":"https:\/\/www.embrapii.dcc.ufmg.br\/?page_id=2","title":{"rendered":"EMBRAPII"},"content":{"rendered":"<p>A EMBRAPII atua por meio da coopera\u00e7\u00e3o com institui\u00e7\u00f5es de pesquisa cient\u00edfica e tecnol\u00f3gica, p\u00fablicas ou privadas, tendo como foco as demandas empresariais e como alvo o compartilhamento de risco na fase pr\u00e9-competitiva da inova\u00e7\u00e3o. Ao compartilhar\u00a0riscos de projetos com as empresas, tem objetivo de\u00a0estimular o setor industrial a inovar mais e com maior intensidade tecnol\u00f3gica para, assim,\u00a0potencializar a for\u00e7a competitiva das empresas tanto no mercado interno como no mercado internacional.<\/p>\n<p>O modelo de atua\u00e7\u00e3o da EMBRAPII permite agilidade, flexibilidade e risco reduzido no apoio a projetos de P,D&amp;I das empresas. Os recursos n\u00e3o-reembols\u00e1veis administrados pela EMBRAPII s\u00e3o utilizados nos projetos entre empresas e as Unidades e Polos EMBRAPII, que possuem foco tecnol\u00f3gico e capacidade de atender \u00e0s demandas de P,D&amp;I das empresas.<\/p>\n<p><strong><span style=\"color: #3366ff;\">MODELO DE FINANCIAMENTO<\/span><\/strong><br \/>\nA EMBRAPII aporta, no m\u00e1ximo, 1\/3 dos recursos do portf\u00f3lio dos projetos das Unidades EMBRAPII. Os 2\/3 restantes s\u00e3o divididos entre a empresa e a Unidade EMBRAPII.<\/p>\n<p><strong><span style=\"color: #3366ff;\">VANTAGENS DO MODELO<\/span><\/strong><br \/>\n\u2022 Os recursos EMBRAPII s\u00e3o n\u00e3o reembols\u00e1veis (diminuem o custo e o risco da empresa).<br \/>\n\u2022 Fluxo cont\u00ednuo: a qualquer momento a sua empresa pode desenvolver projetos sem a necessidade de esperar um edital.<\/p>\n<p><strong><span style=\"color: #3366ff;\">VANTAGENS PARA A EMPRESA<\/span><\/strong><br \/>\n\u2022 Agilidade na aprova\u00e7\u00e3o dos contratos que s\u00e3o negociados e aprovados diretamente pela empresa e a Unidade EMBRAPII.<br \/>\n\u2022 Rapidez na negocia\u00e7\u00e3o dos projetos.<br \/>\n\u2022 As Unidades EMBRAPII j\u00e1 possuem recursos para realizar o projeto.<br \/>\n\u2022 Menor custo de transa\u00e7\u00e3o, pois n\u00e3o existe intermedi\u00e1rio.<\/p>\n<p>&nbsp;<\/p>\n<p><strong>Assista aos v\u00eddeos institucionais e saiba mais:<\/strong><\/p>\n<p><iframe loading=\"lazy\" src=\"https:\/\/www.youtube.com\/embed\/4l0wF_L7kR8?feature=oembed\" width=\"500\" height=\"281\" frameborder=\"0\" allowfullscreen=\"allowfullscreen\" data-mce-fragment=\"1\"><\/iframe><\/p>\n<p><iframe loading=\"lazy\" src=\"https:\/\/www.youtube.com\/embed\/crX12gock98?start=12&amp;feature=oembed\" width=\"500\" height=\"281\" frameborder=\"0\" allowfullscreen=\"allowfullscreen\" data-mce-fragment=\"1\"><\/iframe><\/p>\n","protected":false},"excerpt":{"rendered":"<p>A EMBRAPII atua por meio da coopera\u00e7\u00e3o com institui\u00e7\u00f5es de pesquisa cient\u00edfica e tecnol\u00f3gica, p\u00fablicas ou privadas, tendo como foco as demandas empresariais e como alvo o compartilhamento de risco na fase pr\u00e9-competitiva da inova\u00e7\u00e3o. Ao compartilhar\u00a0riscos de projetos com as empresas, tem objetivo de\u00a0estimular o setor industrial a inovar mais e com maior intensidade [&hellip;]<\/p>\n","protected":false},"author":1,"featured_media":0,"parent":0,"menu_order":0,"comment_status":"closed","ping_status":"open","template":"","meta":[],"_links":{"self":[{"href":"https:\/\/www.embrapii.dcc.ufmg.br\/index.php?rest_route=\/wp\/v2\/pages\/2"}],"collection":[{"href":"https:\/\/www.embrapii.dcc.ufmg.br\/index.php?rest_route=\/wp\/v2\/pages"}],"about":[{"href":"https:\/\/www.embrapii.dcc.ufmg.br\/index.php?rest_route=\/wp\/v2\/types\/page"}],"author":[{"embeddable":true,"href":"https:\/\/www.embrapii.dcc.ufmg.br\/index.php?rest_route=\/wp\/v2\/users\/1"}],"replies":[{"embeddable":true,"href":"https:\/\/www.embrapii.dcc.ufmg.br\/index.php?rest_route=%2Fwp%2Fv2%2Fcomments&post=2"}],"version-history":[{"count":3,"href":"https:\/\/www.embrapii.dcc.ufmg.br\/index.php?rest_route=\/wp\/v2\/pages\/2\/revisions"}],"predecessor-version":[{"id":177,"href":"https:\/\/www.embrapii.dcc.ufmg.br\/index.php?rest_route=\/wp\/v2\/pages\/2\/revisions\/177"}],"wp:attachment":[{"href":"https:\/\/www.embrapii.dcc.ufmg.br\/index.php?rest_route=%2Fwp%2Fv2%2Fmedia&parent=2"}],"curies":[{"name":"wp","href":"https:\/\/api.w.org\/{rel}","templated":true}]}}