{"id":250,"date":"2017-09-15T15:37:16","date_gmt":"2017-09-15T18:37:16","guid":{"rendered":"https:\/\/www.embrapii.dcc.ufmg.br\/?page_id=250"},"modified":"2017-12-14T15:03:19","modified_gmt":"2017-12-14T17:03:19","slug":"contact","status":"publish","type":"page","link":"https:\/\/www.embrapii.dcc.ufmg.br\/?page_id=250&lang=en","title":{"rendered":"Contact"},"content":{"rendered":"<p><strong>UNIDADE EMBRAPII DCC-UFMG<img decoding=\"async\" loading=\"lazy\" class=\"size-medium wp-image-174 alignright\" src=\"https:\/\/www.embrapii.dcc.ufmg.br\/wp-content\/uploads\/2017\/09\/DCC-UFMG-reduzida.png\" alt=\"\" width=\"276\" height=\"300\" srcset=\"https:\/\/www.embrapii.dcc.ufmg.br\/wp-content\/uploads\/2017\/09\/DCC-UFMG-reduzida.png 500w, https:\/\/www.embrapii.dcc.ufmg.br\/wp-content\/uploads\/2017\/09\/DCC-UFMG-reduzida-276x300.png 276w\" sizes=\"(max-width: 276px) 100vw, 276px\" \/><\/strong><br \/>\n<em>Software for Cyber-physical Systems\u00a0<\/em><\/p>\n<p><strong>Tel.: +55 31 3409-5860<\/strong><\/p>\n<p><a class=\"moz-txt-link-abbreviated\" href=\"mailto:contato@embrapii.dcc.ufmg.br?subject=%5BEMBRAPII%5D\"><strong>contato@embrapii.dcc.ufmg.br<\/strong><\/a><\/p>\n<hr \/>\n<p><a href=\"http:\/\/www.dcc.ufmg.br\/\" target=\"_blank\" rel=\"external noopener\">Departamento de Ci\u00eancia da Computa\u00e7\u00e3o<\/a><\/p>\n<p><a href=\"http:\/\/www.icex.ufmg.br\/\" target=\"_blank\" rel=\"external noopener\">Instituto de Ci\u00eancias Exatas<\/a><\/p>\n<p><a href=\"http:\/\/www.ufmg.br\/\" target=\"_blank\" rel=\"external noopener\">Universidade Federal de Minas Gerais<\/a><\/p>\n<p>Av. Ant\u00f4nio Carlos, 6627 &#8211; Pr\u00e9dio do ICEx &#8211; Anexo U &#8211; Sala 5309<\/p>\n<p>Pampulha, Belo Horizonte, Minas Gerais, Brasil<\/p>\n<p>CEP: 31270-901<\/p>\n","protected":false},"excerpt":{"rendered":"<p>UNIDADE EMBRAPII DCC-UFMG Software for Cyber-physical Systems\u00a0 Tel.: +55 31 3409-5860 contato@embrapii.dcc.ufmg.br Departamento de Ci\u00eancia da Computa\u00e7\u00e3o Instituto de Ci\u00eancias Exatas Universidade Federal de Minas Gerais Av. Ant\u00f4nio Carlos, 6627 &#8211; Pr\u00e9dio do ICEx &#8211; Anexo U &#8211; Sala 5309 Pampulha, Belo Horizonte, Minas Gerais, Brasil CEP: 31270-901<\/p>\n","protected":false},"author":2,"featured_media":0,"parent":0,"menu_order":0,"comment_status":"closed","ping_status":"closed","template":"","meta":[],"_links":{"self":[{"href":"https:\/\/www.embrapii.dcc.ufmg.br\/index.php?rest_route=\/wp\/v2\/pages\/250"}],"collection":[{"href":"https:\/\/www.embrapii.dcc.ufmg.br\/index.php?rest_route=\/wp\/v2\/pages"}],"about":[{"href":"https:\/\/www.embrapii.dcc.ufmg.br\/index.php?rest_route=\/wp\/v2\/types\/page"}],"author":[{"embeddable":true,"href":"https:\/\/www.embrapii.dcc.ufmg.br\/index.php?rest_route=\/wp\/v2\/users\/2"}],"replies":[{"embeddable":true,"href":"https:\/\/www.embrapii.dcc.ufmg.br\/index.php?rest_route=%2Fwp%2Fv2%2Fcomments&post=250"}],"version-history":[{"count":8,"href":"https:\/\/www.embrapii.dcc.ufmg.br\/index.php?rest_route=\/wp\/v2\/pages\/250\/revisions"}],"predecessor-version":[{"id":515,"href":"https:\/\/www.embrapii.dcc.ufmg.br\/index.php?rest_route=\/wp\/v2\/pages\/250\/revisions\/515"}],"wp:attachment":[{"href":"https:\/\/www.embrapii.dcc.ufmg.br\/index.php?rest_route=%2Fwp%2Fv2%2Fmedia&parent=250"}],"curies":[{"name":"wp","href":"https:\/\/api.w.org\/{rel}","templated":true}]}}