{"id":272,"date":"2017-09-15T16:22:52","date_gmt":"2017-09-15T19:22:52","guid":{"rendered":"https:\/\/www.embrapii.dcc.ufmg.br\/?page_id=272"},"modified":"2019-10-10T11:24:28","modified_gmt":"2019-10-10T14:24:28","slug":"how-it-works","status":"publish","type":"page","link":"https:\/\/www.embrapii.dcc.ufmg.br\/?page_id=272&lang=en","title":{"rendered":"How does it work?"},"content":{"rendered":"<p>The entrepreneur contacts the EMBRAPII unity, which will fulfill the <strong>business demands for reasearch, development and innovation<\/strong>. The certified unities have a flexible and agile cooperation model and are specialists in technologycal competences, ensuring high-level service in these areas.<\/p>\n<p><strong><br \/>\nVantagens para o empres\u00e1rio<\/strong><\/p>\n<ul>\n<li>Menor risco e custo, pois o investimento \u00e9 compartilhado;<\/li>\n<li>Foco na demanda por inova\u00e7\u00e3o das empresas ind\u00fastrias<\/li>\n<li>Parte dos recursos do projeto j\u00e1 est\u00e1 dispon\u00edvel;<\/li>\n<li>Agilidade nos contratos;<\/li>\n<li>Institui\u00e7\u00f5es de pesquisa com compet\u00eancia em P,D&amp;I e, por isso, melhor n\u00edvel de desenvolvimento tecnol\u00f3gico;<\/li>\n<li>Experi\u00eancia comprovada: profissionaliza\u00e7\u00e3o na execu\u00e7\u00e3o dos projetos<\/li>\n<li>EMBRAPII n\u00e3o tem participa\u00e7\u00e3o na Propriedade Intelectual.<\/li>\n<li>A empresa reduz o aporte financeiro dividindo os custos dos projetos com a EMBRAPII e a Unidade EMBRAPII para gerar produtos e processos inovadores e competitivos.<\/li>\n<\/ul>\n<p><img decoding=\"async\" loading=\"lazy\" class=\"aligncenter size-full wp-image-556\" src=\"https:\/\/www.embrapii.dcc.ufmg.br\/wp-content\/uploads\/2019\/10\/project-value-1.png\" alt=\"\" width=\"598\" height=\"291\" srcset=\"https:\/\/www.embrapii.dcc.ufmg.br\/wp-content\/uploads\/2019\/10\/project-value-1.png 598w, https:\/\/www.embrapii.dcc.ufmg.br\/wp-content\/uploads\/2019\/10\/project-value-1-300x146.png 300w\" sizes=\"(max-width: 598px) 100vw, 598px\" \/><\/p>\n<p><strong>Resources are already available<\/strong><\/p>\n<ul>\n<li>EMBRAPII anticipates resources for its certified unities, which contract projects directly with the companies. That way, the resources are already available and therefore the contract is signed. These resources are for funding the project.<\/li>\n<li><b>The project is negotiated directly among the company and the certified unity.<\/b><\/li>\n<\/ul>\n<ul>\n<li>Allows<b>\u00a0agility, flexibility and velocity<\/b>\u00a0on using the resources and changing the project scope;<\/li>\n<\/ul>\n<p><strong>Understand the main interactions among the certified unities and companies<\/strong><\/p>\n<p><img decoding=\"async\" loading=\"lazy\" class=\"alignnone wp-image-2269 size-full\" src=\"https:\/\/www.embrapii.dcc.ufmg.br\/wp-content\/uploads\/2017\/09\/embrapii-como-funciona-EN-2.png\" alt=\"\" width=\"1490\" height=\"826\" \/><\/p>\n<p><strong>Perguntas frequentes<\/strong><\/p>\n<ol>\n<li>Qual o valor dos recursos dispon\u00edveis para subsidiar os projetos EMBRAPII?\n<ul>\n<li>R$ 1,5 bilh\u00e3o para o per\u00edodo total de 6 anos.<\/li>\n<\/ul>\n<\/li>\n<li>H\u00e1 risco do repasse de recursos ser interrompido ao longo do projeto?\n<ul>\n<li>Todos os projetos contratados t\u00eam seus recursos assegurados.<\/li>\n<\/ul>\n<\/li>\n<li>H\u00e1 restri\u00e7\u00e3o quando ao tamanho do projeto que pode ser desenvolvido?\n<ul>\n<li>N\u00e3o h\u00e1 restri\u00e7\u00e3o. Todos os projetos de PD&amp;I podem ser desenvolvidos.<\/li>\n<\/ul>\n<\/li>\n<li>H\u00e1 restri\u00e7\u00e3o quanto ao porte da empresa?\n<ul>\n<li>N\u00e3o. Empresas de todos os portes podem desenvolver projetos com recursos da EMBRAPII.<\/li>\n<\/ul>\n<\/li>\n<li>Como \u00e9 tratada a quest\u00e3o da Propriedade Intelectual?\n<ul>\n<li>\u00c9 negociada diretamente entre a empresa contratante do projeto e a Unidade EMBRAPII.<\/li>\n<\/ul>\n<\/li>\n<li>As empresas podem desenvolver projetos em conjunto?\n<ul>\n<li>Sim, projetos cooperativos, envolvendo mais de uma empresa, s\u00e3o incentivados.<\/li>\n<\/ul>\n<\/li>\n<li>Quais setores industriais s\u00e3o atendidos pela EMBRAPII?\n<ul>\n<li>Todos os setores.<\/li>\n<\/ul>\n<\/li>\n<li>As empresas devem desenvolver projetos com Unidades localizadas no mesmo estado?\n<ul>\n<li>N\u00e3o \u00e9 necess\u00e1rio. As Unidades atendem em todo o territ\u00f3rio nacional. A compet\u00eancia tecnol\u00f3gica \u00e9 o mais importante.<\/li>\n<\/ul>\n<\/li>\n<\/ol>\n","protected":false},"excerpt":{"rendered":"<p>The entrepreneur contacts the EMBRAPII unity, which will fulfill the business demands for reasearch, development and innovation. The certified unities have a flexible and agile cooperation model and are specialists in technologycal competences, ensuring high-level service in these areas. Vantagens para o empres\u00e1rio Menor risco e custo, pois o investimento \u00e9 compartilhado; Foco na demanda [&hellip;]<\/p>\n","protected":false},"author":2,"featured_media":0,"parent":0,"menu_order":0,"comment_status":"closed","ping_status":"closed","template":"template-fullwidth.php","meta":[],"_links":{"self":[{"href":"https:\/\/www.embrapii.dcc.ufmg.br\/index.php?rest_route=\/wp\/v2\/pages\/272"}],"collection":[{"href":"https:\/\/www.embrapii.dcc.ufmg.br\/index.php?rest_route=\/wp\/v2\/pages"}],"about":[{"href":"https:\/\/www.embrapii.dcc.ufmg.br\/index.php?rest_route=\/wp\/v2\/types\/page"}],"author":[{"embeddable":true,"href":"https:\/\/www.embrapii.dcc.ufmg.br\/index.php?rest_route=\/wp\/v2\/users\/2"}],"replies":[{"embeddable":true,"href":"https:\/\/www.embrapii.dcc.ufmg.br\/index.php?rest_route=%2Fwp%2Fv2%2Fcomments&post=272"}],"version-history":[{"count":9,"href":"https:\/\/www.embrapii.dcc.ufmg.br\/index.php?rest_route=\/wp\/v2\/pages\/272\/revisions"}],"predecessor-version":[{"id":557,"href":"https:\/\/www.embrapii.dcc.ufmg.br\/index.php?rest_route=\/wp\/v2\/pages\/272\/revisions\/557"}],"wp:attachment":[{"href":"https:\/\/www.embrapii.dcc.ufmg.br\/index.php?rest_route=%2Fwp%2Fv2%2Fmedia&parent=272"}],"curies":[{"name":"wp","href":"https:\/\/api.w.org\/{rel}","templated":true}]}}