{"id":7,"date":"2017-08-23T17:07:56","date_gmt":"2017-08-23T20:07:56","guid":{"rendered":"https:\/\/www.embrapii.dcc.ufmg.br\/?page_id=7"},"modified":"2020-02-11T13:13:21","modified_gmt":"2020-02-11T15:13:21","slug":"pagina-inicial","status":"publish","type":"page","link":"https:\/\/www.embrapii.dcc.ufmg.br\/","title":{"rendered":"A EMBRAPII fomenta a inova\u00e7\u00e3o nas empresas com recursos n\u00e3o reembols\u00e1veis"},"content":{"rendered":"<p>A<b> Unidade EMBRAPII DCC-UFMG<\/b> receber\u00e1 aporte financeiro (n\u00e3o reembols\u00e1vel) durante 6 anos para o desenvolvimento de projetos de PD&amp;I (Pesquisa, Desenvolvimento e Inova\u00e7\u00e3o) em conjunto com empresas.<\/p>\n<p>O modelo de coopera\u00e7\u00e3o EMBRAPII\u00a0 \u00e9 mais flex\u00edvel e \u00e1gil e diminui os riscos de investimento em inova\u00e7\u00e3o para as empresas.<\/p>\n<p>A Unidade EMBRAPII DCC-UFMG atua em 3 linhas na \u00e1rea de Software para <a href=\"https:\/\/www.embrapii.dcc.ufmg.br\/?page_id=52\">Sistemas Ciberf\u00edsicos.<\/a><\/p>\n<p>&nbsp;<\/p>\n<p><img decoding=\"async\" loading=\"lazy\" class=\"size-full wp-image-413 aligncenter\" src=\"https:\/\/www.embrapii.dcc.ufmg.br\/wp-content\/uploads\/2017\/08\/linhas-atuacao-2.png\" alt=\"\" width=\"800\" height=\"510\" srcset=\"https:\/\/www.embrapii.dcc.ufmg.br\/wp-content\/uploads\/2017\/08\/linhas-atuacao-2.png 800w, https:\/\/www.embrapii.dcc.ufmg.br\/wp-content\/uploads\/2017\/08\/linhas-atuacao-2-300x191.png 300w, https:\/\/www.embrapii.dcc.ufmg.br\/wp-content\/uploads\/2017\/08\/linhas-atuacao-2-768x490.png 768w\" sizes=\"(max-width: 800px) 100vw, 800px\" \/><\/p>\n\n    <div id=\"parallax_container674\" class=\"parallax-window-container adamrob_parallax_fullwidth \">\n\n<section id=\"parallax_674\" class=\"adamrob_parallax adamrob_parallax_fullwidth  adamrob_parallax_scrolling \" style=\" background-image: url(https:\/\/www.embrapii.dcc.ufmg.br\/wp-content\/uploads\/2019\/12\/lampadas-op.png); background-size: cover;\" speed=\"2\">\n\n\n\t<div id=\"parallax_674_content\" class=\"adamrob_pcontainer\" style=\"\">\n\n\n\t\t<div id=\"parallax_674_posttitle\" class=\"adamrob_parallax_posttitle\" style=\"text-align:left; padding:20px;\">\n\t\t\t<div style=\"\">\n\t\t\t\t\t\t\t<\/div>\n\t\t<\/div>\n\n\t\t<div id=\"parallax_674_postcontent\" class=\"adamrob_parallax_postcontent\" id=\"674_parallax_content_post\" style=\"padding:20px;\">\n\t\t\t<p><img decoding=\"async\" loading=\"lazy\" class=\"alignnone size-full wp-image-740\" src=\"https:\/\/www.embrapii.dcc.ufmg.br\/wp-content\/uploads\/2019\/12\/valor-projetos-fundo-correta@1x.png\" alt=\"\" width=\"987\" height=\"214\" srcset=\"https:\/\/www.embrapii.dcc.ufmg.br\/wp-content\/uploads\/2019\/12\/valor-projetos-fundo-correta@1x.png 987w, https:\/\/www.embrapii.dcc.ufmg.br\/wp-content\/uploads\/2019\/12\/valor-projetos-fundo-correta@1x-300x65.png 300w, https:\/\/www.embrapii.dcc.ufmg.br\/wp-content\/uploads\/2019\/12\/valor-projetos-fundo-correta@1x-768x167.png 768w\" sizes=\"(max-width: 987px) 100vw, 987px\" \/><\/p>\n\t\t<\/div>\n\n\t\n\n\t<\/div>\n\n<\/section>\n\t\n\t\t    <\/div>\n\t\n<section id=\"tf-stat-634\" class=\"statistics n1\"  data-sp=\"80\" ><h3 >NOSSOS N\u00daMEROS<\/h3><div class=\"statistics-inner\"><div class=\"stat\"  data-count=\"15\"><span class=\"fa fa-handshake-o\"><\/span><span class=\"number\"><\/span><span class=\"count-title\">Parcerias<\/span><\/div><div class=\"stat\"  data-count=\"18\"><span class=\"fa fa-sitemap\"><\/span><span class=\"number\"><\/span><span class=\"count-title\">Projetos<\/span><\/div><\/div><\/section>\n\n    <div id=\"parallax_container875\" class=\"parallax-window-container adamrob_parallax_fullwidth \">\n\n<section id=\"parallax_875\" class=\"adamrob_parallax adamrob_parallax_fullwidth  \" style=\"height:150px; background-image: url(https:\/\/www.embrapii.dcc.ufmg.br\/wp-content\/uploads\/2020\/01\/businessmen-TRANSPARENT-2.png); background-size: cover;\" speed=\"0\">\n\n\n\t<div id=\"parallax_875_content\" class=\"adamrob_pcontainer\" style=\"height:150px;\">\n\n\n\t\t<table style=\"width:100%; height:100%; border-style:none; margin:0;\">\n\t\t\t<tr>\n\t\t\t\t<td class=\"parallax-header\" style=\"text-align:left; vertical-align:top; padding:20px; border-style:none;\">\n\t\t\t\t\t<div id=\"parallax_875_posttitle\" class=\"adamrob_parallax_posttitle\" style=\"\">\n\t\t\t\t\t\t\t\t\t\t\t<\/div>\n\t\t\t\t<\/td>\n\t\t\t<\/tr>\n\t\t<\/table>\n\n\t\n\n\t<\/div>\n\n<\/section>\n\t\n\t\t    <\/div>\n\t\n<div class=\"parceria\">\n<div class=\"parceiros\">\n<img decoding=\"async\" loading=\"lazy\" src=\"https:\/\/www.embrapii.dcc.ufmg.br\/wp-content\/uploads\/2019\/12\/negocios@1x.png\" alt=\"\" width=\"483\" height=\"382\" class=\"alignnone size-full wp-image-743\" srcset=\"https:\/\/www.embrapii.dcc.ufmg.br\/wp-content\/uploads\/2019\/12\/negocios@1x.png 483w, https:\/\/www.embrapii.dcc.ufmg.br\/wp-content\/uploads\/2019\/12\/negocios@1x-300x237.png 300w\" sizes=\"(max-width: 483px) 100vw, 483px\" \/>\n<\/div>\n<div class =\"parceirosText\">\n<h2>Quem est\u00e1 conosco?<\/h2>\n<p> Conhe\u00e7a as empresas que fecharam parceria com a EMBRAPII &#8211; Unidade DCC\/UFMG<\/p>\n<div id=\"metaslider-id-570\" style=\"max-width: 180px; margin: 0 auto;\" class=\"ml-slider-3-36-0 metaslider metaslider-nivo metaslider-570 ml-slider carousel ms-theme-default\" role=\"region\" aria-roledescription=\"Slideshow\" aria-label=\"Slideshow\">\n    <div id=\"metaslider_container_570\">\n        <div class='slider-wrapper theme-default'><div class='ribbon'><\/div><div id='metaslider_570' class='nivoSlider'><img src=\"https:\/\/www.embrapii.dcc.ufmg.br\/wp-content\/uploads\/2020\/01\/ELO7@1x-180x180.png\" height=\"180\" width=\"180\" title=\"ELO7\" alt=\"\" class=\"slider-570 slide-789\" \/><img src=\"https:\/\/www.embrapii.dcc.ufmg.br\/wp-content\/uploads\/2022\/10\/k1-500x500-1-180x180.png\" height=\"180\" width=\"180\" title=\"k1-500x500\" alt=\"\" class=\"slider-570 slide-1117\" \/><img src=\"https:\/\/www.embrapii.dcc.ufmg.br\/wp-content\/uploads\/2020\/01\/codemge@1x-180x180.png\" height=\"180\" width=\"180\" title=\"codemge\" alt=\"\" class=\"slider-570 slide-788\" \/><img src=\"https:\/\/www.embrapii.dcc.ufmg.br\/wp-content\/uploads\/2020\/01\/itv-vale@1x-180x180.png\" height=\"180\" width=\"180\" title=\"itv-vale\" alt=\"\" class=\"slider-570 slide-791\" \/><img src=\"https:\/\/www.embrapii.dcc.ufmg.br\/wp-content\/uploads\/2022\/10\/MinasLigas-500x500-1-180x180.png\" height=\"180\" width=\"180\" title=\"MinasLigas-500x500\" alt=\"\" class=\"slider-570 slide-1122\" \/><img src=\"https:\/\/www.embrapii.dcc.ufmg.br\/wp-content\/uploads\/2020\/01\/aperam@1x-180x180.png\" height=\"180\" width=\"180\" title=\"aperam\" alt=\"\" class=\"slider-570 slide-786\" \/><img src=\"https:\/\/www.embrapii.dcc.ufmg.br\/wp-content\/uploads\/2020\/01\/nexa@1x-180x180.png\" height=\"180\" width=\"180\" title=\"nexa\" alt=\"\" class=\"slider-570 slide-794\" \/><img src=\"https:\/\/www.embrapii.dcc.ufmg.br\/wp-content\/uploads\/2022\/10\/coss-500x500-1-180x180.png\" height=\"180\" width=\"180\" title=\"coss-500x500\" alt=\"\" class=\"slider-570 slide-1121\" \/><img src=\"https:\/\/www.embrapii.dcc.ufmg.br\/wp-content\/uploads\/2022\/10\/astrein-180x180.png\" height=\"180\" width=\"180\" title=\"astrein\" alt=\"\" class=\"slider-570 slide-787\" \/><img src=\"https:\/\/www.embrapii.dcc.ufmg.br\/wp-content\/uploads\/2020\/01\/ERICSSON@1x-180x180.png\" height=\"180\" width=\"180\" title=\"ERICSSON\" alt=\"\" class=\"slider-570 slide-790\" \/><a href=\"https:\/\/www.grupoacocearense.com.br\/empresa\/sinobras\/\" target=\"_blank\"><img src=\"https:\/\/www.embrapii.dcc.ufmg.br\/wp-content\/uploads\/2025\/10\/sinobras-1-180x180.png\" height=\"180\" width=\"180\" title=\"sinobras\" alt=\"\" class=\"slider-570 slide-1133\" \/><\/a><img src=\"https:\/\/www.embrapii.dcc.ufmg.br\/wp-content\/uploads\/2022\/10\/arcelor-500x500-1-180x180.png\" height=\"180\" width=\"180\" alt=\"\" class=\"slider-570 slide-1116\" \/><img src=\"https:\/\/www.embrapii.dcc.ufmg.br\/wp-content\/uploads\/2022\/10\/wabtec-500x500-1-180x180.png\" height=\"180\" width=\"180\" title=\"wabtec-500x500\" alt=\"\" class=\"slider-570 slide-1115\" \/><img src=\"https:\/\/www.embrapii.dcc.ufmg.br\/wp-content\/uploads\/2025\/10\/kunumi-180x180.png\" height=\"180\" width=\"180\" title=\"kunumi\" alt=\"\" class=\"slider-570 slide-1136\" \/><img src=\"https:\/\/www.embrapii.dcc.ufmg.br\/wp-content\/uploads\/2020\/01\/maxtrack@1x-180x180.png\" height=\"180\" width=\"180\" title=\"maxtrack\" alt=\"\" class=\"slider-570 slide-792\" \/><img src=\"https:\/\/www.embrapii.dcc.ufmg.br\/wp-content\/uploads\/2020\/01\/mundiale@1x-180x180.png\" height=\"180\" width=\"180\" title=\"mundiale\" alt=\"\" class=\"slider-570 slide-793\" \/><\/div><\/div>\n        \n    <\/div>\n<\/div>\n<p> <a class='destaques_link' href='https:\/\/www.embrapii.dcc.ufmg.br\/?page_id=808'> Projetos Relacionados<\/a><\/p>\n<\/div>\n<\/div>\n","protected":false},"excerpt":{"rendered":"<p>A Unidade EMBRAPII DCC-UFMG receber\u00e1 aporte financeiro (n\u00e3o reembols\u00e1vel) durante 6 anos para o desenvolvimento de projetos de PD&amp;I (Pesquisa, Desenvolvimento e Inova\u00e7\u00e3o) em conjunto com empresas. O modelo de coopera\u00e7\u00e3o EMBRAPII\u00a0 \u00e9 mais flex\u00edvel e \u00e1gil e diminui os riscos de investimento em inova\u00e7\u00e3o para as empresas. A Unidade EMBRAPII DCC-UFMG atua em 3 [&hellip;]<\/p>\n","protected":false},"author":1,"featured_media":0,"parent":0,"menu_order":0,"comment_status":"closed","ping_status":"closed","template":"template-fullwidth.php","meta":[],"_links":{"self":[{"href":"https:\/\/www.embrapii.dcc.ufmg.br\/index.php?rest_route=\/wp\/v2\/pages\/7"}],"collection":[{"href":"https:\/\/www.embrapii.dcc.ufmg.br\/index.php?rest_route=\/wp\/v2\/pages"}],"about":[{"href":"https:\/\/www.embrapii.dcc.ufmg.br\/index.php?rest_route=\/wp\/v2\/types\/page"}],"author":[{"embeddable":true,"href":"https:\/\/www.embrapii.dcc.ufmg.br\/index.php?rest_route=\/wp\/v2\/users\/1"}],"replies":[{"embeddable":true,"href":"https:\/\/www.embrapii.dcc.ufmg.br\/index.php?rest_route=%2Fwp%2Fv2%2Fcomments&post=7"}],"version-history":[{"count":19,"href":"https:\/\/www.embrapii.dcc.ufmg.br\/index.php?rest_route=\/wp\/v2\/pages\/7\/revisions"}],"predecessor-version":[{"id":905,"href":"https:\/\/www.embrapii.dcc.ufmg.br\/index.php?rest_route=\/wp\/v2\/pages\/7\/revisions\/905"}],"wp:attachment":[{"href":"https:\/\/www.embrapii.dcc.ufmg.br\/index.php?rest_route=%2Fwp%2Fv2%2Fmedia&parent=7"}],"curies":[{"name":"wp","href":"https:\/\/api.w.org\/{rel}","templated":true}]}}