{"id":8,"date":"2017-08-23T17:07:56","date_gmt":"2017-08-23T20:07:56","guid":{"rendered":"https:\/\/www.embrapii.dcc.ufmg.br\/?page_id=8"},"modified":"2022-08-09T15:30:50","modified_gmt":"2022-08-09T18:30:50","slug":"sobre","status":"publish","type":"page","link":"https:\/\/www.embrapii.dcc.ufmg.br\/?page_id=8","title":{"rendered":"Sobre"},"content":{"rendered":"<p><strong>A EMBRAPII fomenta a inova\u00e7\u00e3o nas empresas com recursos n\u00e3o reembols\u00e1veis<\/strong>.<\/p>\n<p>O modelo de coopera\u00e7\u00e3o EMBRAPII\u00a0 \u00e9 mais flex\u00edvel e \u00e1gil e diminui os riscos de investimento em inova\u00e7\u00e3o para as empresas.<\/p>\n<p>\u00a0<\/p>\n<p>Tire suas d\u00favidas: contato@embrapii.dcc.ufmg.br<\/p>\n<hr \/>\n<p><a href=\"https:\/\/www.embrapii.dcc.ufmg.br\/wp-content\/uploads\/2022\/08\/ue-dcc-ufmg-folder_digital_pt-br-web.pdf\" target=\"_blank\" rel=\"noopener\">Folder digital &#8211; Portugu\u00eas<\/a><\/p>\n<p><a href=\"https:\/\/www.embrapii.dcc.ufmg.br\/wp-content\/uploads\/2022\/08\/ue-dcc-ufmg-folder_digital_en-web.pdf\" target=\"_blank\" rel=\"noopener\">Folder digital &#8211; Ingl\u00eas<\/a><\/p>\n\n\n<p><\/p>\n","protected":false},"excerpt":{"rendered":"<p>A EMBRAPII fomenta a inova\u00e7\u00e3o nas empresas com recursos n\u00e3o reembols\u00e1veis. O modelo de coopera\u00e7\u00e3o EMBRAPII\u00a0 \u00e9 mais flex\u00edvel e \u00e1gil e diminui os riscos de investimento em inova\u00e7\u00e3o para as empresas. \u00a0 Tire suas d\u00favidas: contato@embrapii.dcc.ufmg.br Folder digital &#8211; Portugu\u00eas Folder digital &#8211; Ingl\u00eas<\/p>\n","protected":false},"author":1,"featured_media":0,"parent":0,"menu_order":0,"comment_status":"closed","ping_status":"closed","template":"","meta":[],"_links":{"self":[{"href":"https:\/\/www.embrapii.dcc.ufmg.br\/index.php?rest_route=\/wp\/v2\/pages\/8"}],"collection":[{"href":"https:\/\/www.embrapii.dcc.ufmg.br\/index.php?rest_route=\/wp\/v2\/pages"}],"about":[{"href":"https:\/\/www.embrapii.dcc.ufmg.br\/index.php?rest_route=\/wp\/v2\/types\/page"}],"author":[{"embeddable":true,"href":"https:\/\/www.embrapii.dcc.ufmg.br\/index.php?rest_route=\/wp\/v2\/users\/1"}],"replies":[{"embeddable":true,"href":"https:\/\/www.embrapii.dcc.ufmg.br\/index.php?rest_route=%2Fwp%2Fv2%2Fcomments&post=8"}],"version-history":[{"count":6,"href":"https:\/\/www.embrapii.dcc.ufmg.br\/index.php?rest_route=\/wp\/v2\/pages\/8\/revisions"}],"predecessor-version":[{"id":1107,"href":"https:\/\/www.embrapii.dcc.ufmg.br\/index.php?rest_route=\/wp\/v2\/pages\/8\/revisions\/1107"}],"wp:attachment":[{"href":"https:\/\/www.embrapii.dcc.ufmg.br\/index.php?rest_route=%2Fwp%2Fv2%2Fmedia&parent=8"}],"curies":[{"name":"wp","href":"https:\/\/api.w.org\/{rel}","templated":true}]}}