{"id":9,"date":"2017-08-23T17:07:56","date_gmt":"2017-08-23T20:07:56","guid":{"rendered":"https:\/\/www.embrapii.dcc.ufmg.br\/?page_id=9"},"modified":"2022-07-13T11:36:24","modified_gmt":"2022-07-13T14:36:24","slug":"contato","status":"publish","type":"page","link":"https:\/\/www.embrapii.dcc.ufmg.br\/?page_id=9","title":{"rendered":"Contato"},"content":{"rendered":"<p><strong><img decoding=\"async\" loading=\"lazy\" class=\"size-medium wp-image-174 alignright\" src=\"https:\/\/www.embrapii.dcc.ufmg.br\/wp-content\/uploads\/2017\/09\/DCC-UFMG-reduzida-276x300.png\" alt=\"\" width=\"276\" height=\"300\" srcset=\"https:\/\/www.embrapii.dcc.ufmg.br\/wp-content\/uploads\/2017\/09\/DCC-UFMG-reduzida-276x300.png 276w, https:\/\/www.embrapii.dcc.ufmg.br\/wp-content\/uploads\/2017\/09\/DCC-UFMG-reduzida.png 500w\" sizes=\"(max-width: 276px) 100vw, 276px\" \/>UNIDADE EMBRAPII DCC-UFMG<\/strong><br \/><em>Software para Sistemas Ciberf\u00edsicos\u00a0<\/em><\/p>\n<p><strong>Tel.: +55 31 3409-5860<\/strong><\/p>\n<p><a class=\"moz-txt-link-abbreviated\" href=\"mailto:contato@embrapii.dcc.ufmg.br?subject=%5BEMBRAPII%5D\"><strong>contato@embrapii.dcc.ufmg.br<\/strong><\/a><\/p>\n<hr \/>\n<p><a href=\"http:\/\/www.dcc.ufmg.br\/\" target=\"_blank\" rel=\"external noopener noreferrer\">Departamento de Ci\u00eancia da Computa\u00e7\u00e3o<\/a><\/p>\n<p><a href=\"http:\/\/www.icex.ufmg.br\/\" target=\"_blank\" rel=\"external noopener noreferrer\">Instituto de Ci\u00eancias Exatas<\/a><\/p>\n<p><a href=\"http:\/\/www.ufmg.br\/\" target=\"_blank\" rel=\"external noopener noreferrer\">Universidade Federal de Minas Gerais<\/a><\/p>\n<p>Av. Ant\u00f4nio Carlos, 6627 &#8211; Pr\u00e9dio do ICEx &#8211; Anexo U &#8211; Sala 5309<\/p>\n<p>Pampulha, Belo Horizonte, Minas Gerais, Brasil<\/p>\n<p>CEP: 31270-901<\/p>\n<hr \/>\n<p><a href=\"https:\/\/www.embrapii.dcc.ufmg.br\/wp-content\/uploads\/2022\/06\/ue-dcc-ufmg-folder_digital_en-web.pdf\">Folder digital &#8211; Ingl\u00eas<\/a><\/p>\n<p><a href=\"https:\/\/www.embrapii.dcc.ufmg.br\/wp-content\/uploads\/2022\/06\/ue-dcc-ufmg-folder_digital_pt-br-web.pdf\">Folder digital &#8211; Portugu\u00eas<\/a><\/p>\n<hr \/>\n\n\n<p><\/p>\n","protected":false},"excerpt":{"rendered":"<p>UNIDADE EMBRAPII DCC-UFMGSoftware para Sistemas Ciberf\u00edsicos\u00a0 Tel.: +55 31 3409-5860 contato@embrapii.dcc.ufmg.br Departamento de Ci\u00eancia da Computa\u00e7\u00e3o Instituto de Ci\u00eancias Exatas Universidade Federal de Minas Gerais Av. Ant\u00f4nio Carlos, 6627 &#8211; Pr\u00e9dio do ICEx &#8211; Anexo U &#8211; Sala 5309 Pampulha, Belo Horizonte, Minas Gerais, Brasil CEP: 31270-901 Folder digital &#8211; Ingl\u00eas Folder digital &#8211; Portugu\u00eas<\/p>\n","protected":false},"author":1,"featured_media":0,"parent":0,"menu_order":0,"comment_status":"closed","ping_status":"closed","template":"","meta":[],"_links":{"self":[{"href":"https:\/\/www.embrapii.dcc.ufmg.br\/index.php?rest_route=\/wp\/v2\/pages\/9"}],"collection":[{"href":"https:\/\/www.embrapii.dcc.ufmg.br\/index.php?rest_route=\/wp\/v2\/pages"}],"about":[{"href":"https:\/\/www.embrapii.dcc.ufmg.br\/index.php?rest_route=\/wp\/v2\/types\/page"}],"author":[{"embeddable":true,"href":"https:\/\/www.embrapii.dcc.ufmg.br\/index.php?rest_route=\/wp\/v2\/users\/1"}],"replies":[{"embeddable":true,"href":"https:\/\/www.embrapii.dcc.ufmg.br\/index.php?rest_route=%2Fwp%2Fv2%2Fcomments&post=9"}],"version-history":[{"count":12,"href":"https:\/\/www.embrapii.dcc.ufmg.br\/index.php?rest_route=\/wp\/v2\/pages\/9\/revisions"}],"predecessor-version":[{"id":1103,"href":"https:\/\/www.embrapii.dcc.ufmg.br\/index.php?rest_route=\/wp\/v2\/pages\/9\/revisions\/1103"}],"wp:attachment":[{"href":"https:\/\/www.embrapii.dcc.ufmg.br\/index.php?rest_route=%2Fwp%2Fv2%2Fmedia&parent=9"}],"curies":[{"name":"wp","href":"https:\/\/api.w.org\/{rel}","templated":true}]}}