{"id":96,"date":"2017-08-24T15:35:11","date_gmt":"2017-08-24T18:35:11","guid":{"rendered":"https:\/\/www.embrapii.dcc.ufmg.br\/?page_id=96"},"modified":"2020-05-12T20:21:21","modified_gmt":"2020-05-12T23:21:21","slug":"como-funciona","status":"publish","type":"page","link":"https:\/\/www.embrapii.dcc.ufmg.br\/?page_id=96","title":{"rendered":"Como funciona?"},"content":{"rendered":"<p>O empres\u00e1rio entra em contato direto com a\u00a0Unidade EMBRAPII, que atender\u00e1 a\u00a0<b>demanda empresarial por P,D&amp;I<\/b>. As Unidades credenciadas t\u00eam\u00a0um\u00a0modelo de\u00a0<b>coopera\u00e7\u00e3o flex\u00edvel e \u00e1gil<\/b>\u00a0e s\u00e3o especialistas em\u00a0compet\u00eancias tecnol\u00f3gicas, garantindo alto n\u00edvel de atendimento nestas \u00e1reas.<\/p>\n<h2>Vantagens para o empres\u00e1rio<\/h2>\n<ul>\n<li>Menor risco e custo, pois o investimento \u00e9 compartilhado;<\/li>\n<li>Foco na demanda por inova\u00e7\u00e3o das empresas ind\u00fastrias<\/li>\n<li>Parte dos recursos do projeto j\u00e1 est\u00e1 dispon\u00edvel;<\/li>\n<li>Agilidade nos contratos;<\/li>\n<li>Institui\u00e7\u00f5es de pesquisa com compet\u00eancia em P,D&amp;I e, por isso, melhor n\u00edvel de desenvolvimento tecnol\u00f3gico;<\/li>\n<li>Experi\u00eancia comprovada: profissionaliza\u00e7\u00e3o na execu\u00e7\u00e3o dos projetos<\/li>\n<li>EMBRAPII n\u00e3o tem participa\u00e7\u00e3o na Propriedade Intelectual.<\/li>\n<li>A empresa reduz o aporte financeiro dividindo os custos dos projetos com a EMBRAPII e a Unidade EMBRAPII para gerar produtos e processos inovadores e competitivos.<\/li>\n<\/ul>\n<p><img decoding=\"async\" loading=\"lazy\" class=\"size-full wp-image-721 aligncenter\" src=\"https:\/\/www.embrapii.dcc.ufmg.br\/wp-content\/uploads\/2017\/08\/Imagem-valor-projeto@1x-1.png\" alt=\"\" width=\"668\" height=\"338\" srcset=\"https:\/\/www.embrapii.dcc.ufmg.br\/wp-content\/uploads\/2017\/08\/Imagem-valor-projeto@1x-1.png 668w, https:\/\/www.embrapii.dcc.ufmg.br\/wp-content\/uploads\/2017\/08\/Imagem-valor-projeto@1x-1-300x152.png 300w\" sizes=\"(max-width: 668px) 100vw, 668px\" \/><\/p>\n<h2>Recursos j\u00e1 est\u00e3o dispon\u00edveis<\/h2>\n<ul>\n<li>EMBRAPII antecipa recursos para suas\u00a0<b>Unidades credenciadas, que contratam projetos diretamente com as empresas. Dessa maneira, os recursos j\u00e1 est\u00e3o dispon\u00edveis assim que o contrato \u00e9 assinado.\u00a0<\/b>Esses recursos s\u00e3o para o custeio do projeto.<\/li>\n<li><b>O projeto \u00e9 negociado diretamente entre a EMPRESA e a Unidade credenciada<\/b><\/li>\n<\/ul>\n<ul>\n<li>Possibilita<b>\u00a0agilidade, flexibilidade e velocidade<\/b>\u00a0na utiliza\u00e7\u00e3o de recursos e na mudan\u00e7a de escopo dos projetos;<\/li>\n<\/ul>\n<h2>Entenda as principais intera\u00e7\u00f5es entre as Unidades credenciadas e as empresas<\/h2>\n<p><strong><img decoding=\"async\" loading=\"lazy\" class=\"size-full wp-image-451 alignnone\" src=\"https:\/\/www.embrapii.dcc.ufmg.br\/wp-content\/uploads\/2017\/08\/embrapii-last-image@2x.png\" alt=\"\" width=\"1954\" height=\"1670\" srcset=\"https:\/\/www.embrapii.dcc.ufmg.br\/wp-content\/uploads\/2017\/08\/embrapii-last-image@2x.png 1954w, https:\/\/www.embrapii.dcc.ufmg.br\/wp-content\/uploads\/2017\/08\/embrapii-last-image@2x-300x256.png 300w, https:\/\/www.embrapii.dcc.ufmg.br\/wp-content\/uploads\/2017\/08\/embrapii-last-image@2x-768x656.png 768w, https:\/\/www.embrapii.dcc.ufmg.br\/wp-content\/uploads\/2017\/08\/embrapii-last-image@2x-1024x875.png 1024w\" sizes=\"(max-width: 1954px) 100vw, 1954px\" \/><\/strong><\/p>\n","protected":false},"excerpt":{"rendered":"<p>O empres\u00e1rio entra em contato direto com a\u00a0Unidade EMBRAPII, que atender\u00e1 a\u00a0demanda empresarial por P,D&amp;I. As Unidades credenciadas t\u00eam\u00a0um\u00a0modelo de\u00a0coopera\u00e7\u00e3o flex\u00edvel e \u00e1gil\u00a0e s\u00e3o especialistas em\u00a0compet\u00eancias tecnol\u00f3gicas, garantindo alto n\u00edvel de atendimento nestas \u00e1reas. Vantagens para o empres\u00e1rio Menor risco e custo, pois o investimento \u00e9 compartilhado; Foco na demanda por inova\u00e7\u00e3o das empresas ind\u00fastrias [&hellip;]<\/p>\n","protected":false},"author":1,"featured_media":0,"parent":0,"menu_order":0,"comment_status":"closed","ping_status":"closed","template":"template-fullwidth.php","meta":[],"_links":{"self":[{"href":"https:\/\/www.embrapii.dcc.ufmg.br\/index.php?rest_route=\/wp\/v2\/pages\/96"}],"collection":[{"href":"https:\/\/www.embrapii.dcc.ufmg.br\/index.php?rest_route=\/wp\/v2\/pages"}],"about":[{"href":"https:\/\/www.embrapii.dcc.ufmg.br\/index.php?rest_route=\/wp\/v2\/types\/page"}],"author":[{"embeddable":true,"href":"https:\/\/www.embrapii.dcc.ufmg.br\/index.php?rest_route=\/wp\/v2\/users\/1"}],"replies":[{"embeddable":true,"href":"https:\/\/www.embrapii.dcc.ufmg.br\/index.php?rest_route=%2Fwp%2Fv2%2Fcomments&post=96"}],"version-history":[{"count":13,"href":"https:\/\/www.embrapii.dcc.ufmg.br\/index.php?rest_route=\/wp\/v2\/pages\/96\/revisions"}],"predecessor-version":[{"id":1005,"href":"https:\/\/www.embrapii.dcc.ufmg.br\/index.php?rest_route=\/wp\/v2\/pages\/96\/revisions\/1005"}],"wp:attachment":[{"href":"https:\/\/www.embrapii.dcc.ufmg.br\/index.php?rest_route=%2Fwp%2Fv2%2Fmedia&parent=96"}],"curies":[{"name":"wp","href":"https:\/\/api.w.org\/{rel}","templated":true}]}}